{"id":520,"date":"2022-12-15T19:18:24","date_gmt":"2022-12-15T18:18:24","guid":{"rendered":"https:\/\/mtn.bj\/fournisseurs\/?page_id=520"},"modified":"2025-10-30T11:10:40","modified_gmt":"2025-10-30T11:10:40","slug":"mentions-legales","status":"publish","type":"page","link":"https:\/\/mtn.bj\/fournisseurs\/mentions-legales\/","title":{"rendered":"Mentions l\u00e9gales"},"content":{"rendered":"<div class=\"single-banner-section\">\n    \n            <div id=\"banner-block_680b00f1e50be52baf0ea23bb9f9c34f\" class=\"banner\">\n                <div class=\"banner-section alignedBottom textLight dark-overlay\" style=\"background:url(https:\/\/mtn.bj\/fournisseurs\/wp-content\/uploads\/2025\/10\/de\u0301sac-forf-int-2.jpeg);background-size: cover;background-position:center center;\">\n                    <div class =\"banner-heading-section\">    \n                        <div class=\"banner-section-container\">\n                        <p class=\"mtn-page-title yello-title\"><\/p>\n                        <h1 class=\"mtn-heading yello-heading\">Mentions l\u00e9gale<\/h1>\n                        <p class=\"mtn-subheading yello-subheading\"><\/p>\n                        <\/div>\n                      \n                    <\/div>\n                <\/div>\n            <\/div>\n    \n            <\/div>\n\n\n\n<div style=\"height:116px\" aria-hidden=\"true\" class=\"wp-block-spacer\"><\/div>\n\n\n\n<div id=\"section-paragraph-block_72a93ab18ee9e5855ea23492a636bd51\" class=\"section-paragraph has-text-align-left\">\n<div class=\"mtn-body-text mtn-section paragraph\"><p><!-- wp:heading {\"level\":1} --><\/p>\n<h1>Mentions l\u00e9gale<\/h1>\n<p><!-- \/wp:heading --> <!-- wp:heading {\"level\":3} --><\/p>\n<h3>D\u00e9claration \u00e0 l\u2019APDP<\/h3>\n<p><!-- \/wp:heading --> <!-- wp:paragraph --><\/p>\n<p>Conform\u00e9ment \u00e0 la loi 2017-20 portant code du num\u00e9rique en R\u00e9publique du B\u00e9nin (Livre 5i\u00e8me relatif \u00e0 la protection des donn\u00e9es personnelles et de la vie priv\u00e9e), le site a fait l\u2019objet d\u2019une d\u00e9claration aupr\u00e8s de l\u2019Autorit\u00e9 de Protection des Donn\u00e9es Personnelles (www.apdp.bj) sous le num\u00e9ro (D\u00e9lib\u00e9ration N\u00b0 XXXX-XXX\/XX\/APDP du XX\/XX\/XXXX)<br \/>\nEn tout \u00e9tat de cause, MTN BENIN ne collecte des informations personnelles relatives \u00e0 l\u2019utilisateur que pour le besoin de certains services propos\u00e9s par le site\u00a0<a href=\"https:\/\/mtn.bj\/\">mtn.bj<\/a>\u00a0. L\u2019utilisateur fournit ces informations en toute connaissance de cause, notamment lorsqu\u2019il proc\u00e8de par lui-m\u00eame \u00e0 leur saisie (loi 2017-20 portant code du num\u00e9rique en R\u00e9publique du B\u00e9nin). Aucune information personnelle de l\u2019utilisateur du site\u00a0<a href=\"https:\/\/mtn.bj\/\">mtn.bj<\/a>\u00a0n\u2019est publi\u00e9e \u00e0 l\u2019insu de l\u2019utilisateur, \u00e9chang\u00e9e, transf\u00e9r\u00e9e, c\u00e9d\u00e9e ou vendue sur un support quelconque \u00e0 des tiers.<\/p>\n<p><!-- \/wp:paragraph --> <!-- wp:paragraph --><\/p>\n<p><strong>Donn\u00e9es \u00e0 caract\u00e8re personnel<\/strong><\/p>\n<p><!-- \/wp:paragraph --> <!-- wp:paragraph --><\/p>\n<p>Les informations communiqu\u00e9es par les abonn\u00e9s lors de l\u2019utilisation du site sont utilis\u00e9es en vue de la gestion des Services fournis par MTN BENIN. Pour les besoins de la fourniture du Service, la gestion de la relation commerciale avec l\u2019Abonn\u00e9, ainsi que l\u2019enrichissement de la base client de MTN BENIN, l\u2019Abonn\u00e9 est amen\u00e9 \u00e0 fournir des donn\u00e9es \u00e0 caract\u00e8re personnel le concernant.<\/p>\n<p><!-- \/wp:paragraph --> <!-- wp:paragraph --><\/p>\n<p>MTN B\u00e9nin\u00a0, en sa qualit\u00e9 de responsable du traitement, prend les mesures techniques et organisationnelles propres \u00e0 en assurer la protection et la confidentialit\u00e9.<\/p>\n<p><!-- \/wp:paragraph --> <!-- wp:paragraph --><\/p>\n<p>Le traitement des donn\u00e9es \u00e0 caract\u00e8re personnel relatives \u00e0 l\u2019Abonn\u00e9 est n\u00e9cessaire \u00e0 la satisfaction de la demande et est r\u00e9alis\u00e9 conform\u00e9ment \u00e0 la r\u00e9glementation applicable en mati\u00e8re de protection des donn\u00e9es \u00e0 caract\u00e8re personnel.<\/p>\n<p><!-- \/wp:paragraph --> <!-- wp:paragraph --><\/p>\n<p>Chaque Abonn\u00e9 peut exercer \u00e0 tout moment ses droits acc\u00e8s, de rectification, effacement, suppression, opposition, limitation au traitement et portabilit\u00e9.<\/p>\n<p><!-- \/wp:paragraph --> <!-- wp:paragraph --><\/p>\n<p><strong>Droit d\u2019acc\u00e8s<\/strong><\/p>\n<p><!-- \/wp:paragraph --> <!-- wp:paragraph --><\/p>\n<p>En application de la loi n\u00b02017-20 portant code du num\u00e9rique en R\u00e9publique du B\u00e9nin, les abonn\u00e9s disposent d\u2019un droit d\u2019acc\u00e8s, de rectification, de modification et de suppression de leur donn\u00e9es personnelle. Ce droit peut \u00eatre exerc\u00e9 par voie \u00e9crite contre d\u00e9charge ou \u00e0 l\u2019adresse : serviceclient@mtn.bj.<\/p>\n<p><!-- \/wp:paragraph --> <!-- wp:paragraph --><\/p>\n<p><strong>Confidentialit\u00e9<\/strong><\/p>\n<p><!-- \/wp:paragraph --> <!-- wp:paragraph --><\/p>\n<p>MTN BENIN\u00a0prot\u00e9gera les donn\u00e9es et informations confidentielles re\u00e7ues de l\u2019abonn\u00e9 et les traitera de mani\u00e8re strictement confidentielle.<\/p>\n<p><!-- \/wp:paragraph --> <!-- wp:paragraph --><\/p>\n<p><strong>Propri\u00e9t\u00e9 intellectuelle<\/strong><\/p>\n<p><!-- \/wp:paragraph --> <!-- wp:paragraph --><\/p>\n<p>Tout le contenu , logos, gifs et ic\u00f4nes ainsi que leur mise en forme sont la propri\u00e9t\u00e9 exclusive de\u00a0MTN BENIN\u00a0\u2013 \u00e0 l\u2019exception des marques, logos ou contenus appartenant \u00e0 d\u2019autres soci\u00e9t\u00e9s partenaires ou auteurs.<\/p>\n<p><!-- \/wp:paragraph --> <!-- wp:paragraph --><\/p>\n<p>Toute reproduction, distribution, modification, adaptation, retransmission ou publication, m\u00eame partielle, de ces diff\u00e9rents \u00e9l\u00e9ments est strictement interdite sans l\u2019accord expr\u00e8s et \u00e9crit de\u00a0MTN BENIN.Responsabilit\u00e9 Et S\u00e9curisationMTN BENIN\u00a0est tenue \u00e0 une obligation de moyens. En cons\u00e9quence,\u00a0MTN BENIN\u00a0d\u00e9cline toute responsabilit\u00e9 quant aux difficult\u00e9s techniques que l\u2019Abonn\u00e9 pourrait rencontrer dans le cadre de l\u2019utilisation du service, quelles qu\u2019en soient la cause, l\u2019origine, notamment dans la survenance de \u00ab bugs \u00bb, du non-respect de l\u2019int\u00e9grit\u00e9 de l\u2019information \u00e0 travers les r\u00e9seaux de communication, de d\u00e9faut de capacit\u00e9, connexion ou de s\u00e9curit\u00e9 du terminal. \u00c0 cet \u00e9gard, le service est mis \u00e0 la disposition de l\u2019abonn\u00e9 en l\u2019\u00e9tat et l\u2019abonn\u00e9 supporte tous les risques en mati\u00e8re de qualit\u00e9 et de performance de l\u2019application. Notamment aucune garantie de quelque nature qu\u2019elle soit, implicite ou expresse n\u2019est accord\u00e9e par\u00a0MTN BENIN\u00a0relativement \u00e0 l\u2019aptitude du service \u00e0 remplir un usage particulier, \u00e0 son absence d\u2019erreur technique ou d\u2019interruption.\u00a0MTN BENIN\u00a0n\u2019encourt aucune responsabilit\u00e9 au titre de dommages directs, indirects, incidents accessoires ou aggrav\u00e9s tels que notamment les pertes de donn\u00e9es ou de pertes li\u00e9es \u00e0 l\u2019interruption d\u2019activit\u00e9 ou r\u00e9sultant de l\u2019utilisation ou de l\u2019incapacit\u00e9 d\u2019utilisation du service m\u00eame si\u00a0MTN BENIN\u00a0a \u00e9t\u00e9 inform\u00e9e de la possibilit\u00e9 de survenance de tels dommages.<\/p>\n<p><!-- \/wp:paragraph --><\/p>\n<\/div>\n<\/div>","protected":false},"excerpt":{"rendered":"","protected":false},"author":2,"featured_media":2095,"parent":0,"menu_order":0,"comment_status":"closed","ping_status":"closed","template":"","meta":{"_acf_changed":false,"footnotes":""},"class_list":["post-520","page","type-page","status-publish","has-post-thumbnail","hentry"],"acf":[],"yoast_head":"<!-- This site is optimized with the Yoast SEO plugin v27.5 - https:\/\/yoast.com\/product\/yoast-seo-wordpress\/ -->\n<title>Mentions l\u00e9gales - Portail des fournisseurs de MTN B\u00e9nin<\/title>\n<meta name=\"robots\" content=\"index, follow, max-snippet:-1, max-image-preview:large, max-video-preview:-1\" \/>\n<link rel=\"canonical\" href=\"https:\/\/mtn.bj\/fournisseurs\/mentions-legales\/\" \/>\n<meta property=\"og:locale\" content=\"fr_FR\" \/>\n<meta property=\"og:type\" content=\"article\" \/>\n<meta property=\"og:title\" content=\"Mentions l\u00e9gales - Portail des fournisseurs de MTN B\u00e9nin\" \/>\n<meta property=\"og:url\" content=\"https:\/\/mtn.bj\/fournisseurs\/mentions-legales\/\" \/>\n<meta property=\"og:site_name\" content=\"Portail des fournisseurs de MTN B\u00e9nin\" \/>\n<meta property=\"article:modified_time\" content=\"2025-10-30T11:10:40+00:00\" \/>\n<meta property=\"og:image\" content=\"https:\/\/mtn.bj\/fournisseurs\/wp-content\/uploads\/2025\/10\/de\u0301sac-forf-int-2.jpeg\" \/>\n\t<meta property=\"og:image:width\" content=\"2400\" \/>\n\t<meta property=\"og:image:height\" content=\"1538\" \/>\n\t<meta property=\"og:image:type\" content=\"image\/jpeg\" \/>\n<meta name=\"twitter:card\" content=\"summary_large_image\" \/>\n<meta name=\"twitter:label1\" content=\"Dur\u00e9e de lecture estim\u00e9e\" \/>\n\t<meta name=\"twitter:data1\" content=\"1 minute\" \/>\n<script type=\"application\/ld+json\" class=\"yoast-schema-graph\">{\"@context\":\"https:\\\/\\\/schema.org\",\"@graph\":[{\"@type\":\"WebPage\",\"@id\":\"https:\\\/\\\/mtn.bj\\\/fournisseurs\\\/mentions-legales\\\/\",\"url\":\"https:\\\/\\\/mtn.bj\\\/fournisseurs\\\/mentions-legales\\\/\",\"name\":\"Mentions l\u00e9gales - Portail des fournisseurs de MTN B\u00e9nin\",\"isPartOf\":{\"@id\":\"https:\\\/\\\/mtn.bj\\\/fournisseurs\\\/#website\"},\"primaryImageOfPage\":{\"@id\":\"https:\\\/\\\/mtn.bj\\\/fournisseurs\\\/mentions-legales\\\/#primaryimage\"},\"image\":{\"@id\":\"https:\\\/\\\/mtn.bj\\\/fournisseurs\\\/mentions-legales\\\/#primaryimage\"},\"thumbnailUrl\":\"https:\\\/\\\/mtn.bj\\\/fournisseurs\\\/wp-content\\\/uploads\\\/2025\\\/10\\\/de\u0301sac-forf-int-2.jpeg\",\"datePublished\":\"2022-12-15T18:18:24+00:00\",\"dateModified\":\"2025-10-30T11:10:40+00:00\",\"breadcrumb\":{\"@id\":\"https:\\\/\\\/mtn.bj\\\/fournisseurs\\\/mentions-legales\\\/#breadcrumb\"},\"inLanguage\":\"fr-FR\",\"potentialAction\":[{\"@type\":\"ReadAction\",\"target\":[\"https:\\\/\\\/mtn.bj\\\/fournisseurs\\\/mentions-legales\\\/\"]}]},{\"@type\":\"ImageObject\",\"inLanguage\":\"fr-FR\",\"@id\":\"https:\\\/\\\/mtn.bj\\\/fournisseurs\\\/mentions-legales\\\/#primaryimage\",\"url\":\"https:\\\/\\\/mtn.bj\\\/fournisseurs\\\/wp-content\\\/uploads\\\/2025\\\/10\\\/de\u0301sac-forf-int-2.jpeg\",\"contentUrl\":\"https:\\\/\\\/mtn.bj\\\/fournisseurs\\\/wp-content\\\/uploads\\\/2025\\\/10\\\/de\u0301sac-forf-int-2.jpeg\",\"width\":2400,\"height\":1538},{\"@type\":\"BreadcrumbList\",\"@id\":\"https:\\\/\\\/mtn.bj\\\/fournisseurs\\\/mentions-legales\\\/#breadcrumb\",\"itemListElement\":[{\"@type\":\"ListItem\",\"position\":1,\"name\":\"1\",\"item\":\"https:\\\/\\\/mtn.bj\\\/fournisseurs\\\/\"},{\"@type\":\"ListItem\",\"position\":2,\"name\":\"Mentions l\u00e9gales\"}]},{\"@type\":\"WebSite\",\"@id\":\"https:\\\/\\\/mtn.bj\\\/fournisseurs\\\/#website\",\"url\":\"https:\\\/\\\/mtn.bj\\\/fournisseurs\\\/\",\"name\":\"Portail des fournisseurs de MTN B\u00e9nin\",\"description\":\"Le lien entre MTN et les fournisseurs\",\"potentialAction\":[{\"@type\":\"SearchAction\",\"target\":{\"@type\":\"EntryPoint\",\"urlTemplate\":\"https:\\\/\\\/mtn.bj\\\/fournisseurs\\\/?s={search_term_string}\"},\"query-input\":{\"@type\":\"PropertyValueSpecification\",\"valueRequired\":true,\"valueName\":\"search_term_string\"}}],\"inLanguage\":\"fr-FR\"}]}<\/script>\n<!-- \/ Yoast SEO plugin. -->","yoast_head_json":{"title":"Mentions l\u00e9gales - Portail des fournisseurs de MTN B\u00e9nin","robots":{"index":"index","follow":"follow","max-snippet":"max-snippet:-1","max-image-preview":"max-image-preview:large","max-video-preview":"max-video-preview:-1"},"canonical":"https:\/\/mtn.bj\/fournisseurs\/mentions-legales\/","og_locale":"fr_FR","og_type":"article","og_title":"Mentions l\u00e9gales - Portail des fournisseurs de MTN B\u00e9nin","og_url":"https:\/\/mtn.bj\/fournisseurs\/mentions-legales\/","og_site_name":"Portail des fournisseurs de MTN B\u00e9nin","article_modified_time":"2025-10-30T11:10:40+00:00","og_image":[{"width":2400,"height":1538,"url":"https:\/\/mtn.bj\/fournisseurs\/wp-content\/uploads\/2025\/10\/de\u0301sac-forf-int-2.jpeg","type":"image\/jpeg"}],"twitter_card":"summary_large_image","twitter_misc":{"Dur\u00e9e de lecture estim\u00e9e":"1 minute"},"schema":{"@context":"https:\/\/schema.org","@graph":[{"@type":"WebPage","@id":"https:\/\/mtn.bj\/fournisseurs\/mentions-legales\/","url":"https:\/\/mtn.bj\/fournisseurs\/mentions-legales\/","name":"Mentions l\u00e9gales - Portail des fournisseurs de MTN B\u00e9nin","isPartOf":{"@id":"https:\/\/mtn.bj\/fournisseurs\/#website"},"primaryImageOfPage":{"@id":"https:\/\/mtn.bj\/fournisseurs\/mentions-legales\/#primaryimage"},"image":{"@id":"https:\/\/mtn.bj\/fournisseurs\/mentions-legales\/#primaryimage"},"thumbnailUrl":"https:\/\/mtn.bj\/fournisseurs\/wp-content\/uploads\/2025\/10\/de\u0301sac-forf-int-2.jpeg","datePublished":"2022-12-15T18:18:24+00:00","dateModified":"2025-10-30T11:10:40+00:00","breadcrumb":{"@id":"https:\/\/mtn.bj\/fournisseurs\/mentions-legales\/#breadcrumb"},"inLanguage":"fr-FR","potentialAction":[{"@type":"ReadAction","target":["https:\/\/mtn.bj\/fournisseurs\/mentions-legales\/"]}]},{"@type":"ImageObject","inLanguage":"fr-FR","@id":"https:\/\/mtn.bj\/fournisseurs\/mentions-legales\/#primaryimage","url":"https:\/\/mtn.bj\/fournisseurs\/wp-content\/uploads\/2025\/10\/de\u0301sac-forf-int-2.jpeg","contentUrl":"https:\/\/mtn.bj\/fournisseurs\/wp-content\/uploads\/2025\/10\/de\u0301sac-forf-int-2.jpeg","width":2400,"height":1538},{"@type":"BreadcrumbList","@id":"https:\/\/mtn.bj\/fournisseurs\/mentions-legales\/#breadcrumb","itemListElement":[{"@type":"ListItem","position":1,"name":"1","item":"https:\/\/mtn.bj\/fournisseurs\/"},{"@type":"ListItem","position":2,"name":"Mentions l\u00e9gales"}]},{"@type":"WebSite","@id":"https:\/\/mtn.bj\/fournisseurs\/#website","url":"https:\/\/mtn.bj\/fournisseurs\/","name":"Portail des fournisseurs de MTN B\u00e9nin","description":"Le lien entre MTN et les fournisseurs","potentialAction":[{"@type":"SearchAction","target":{"@type":"EntryPoint","urlTemplate":"https:\/\/mtn.bj\/fournisseurs\/?s={search_term_string}"},"query-input":{"@type":"PropertyValueSpecification","valueRequired":true,"valueName":"search_term_string"}}],"inLanguage":"fr-FR"}]}},"_links":{"self":[{"href":"https:\/\/mtn.bj\/fournisseurs\/wp-json\/wp\/v2\/pages\/520","targetHints":{"allow":["GET"]}}],"collection":[{"href":"https:\/\/mtn.bj\/fournisseurs\/wp-json\/wp\/v2\/pages"}],"about":[{"href":"https:\/\/mtn.bj\/fournisseurs\/wp-json\/wp\/v2\/types\/page"}],"author":[{"embeddable":true,"href":"https:\/\/mtn.bj\/fournisseurs\/wp-json\/wp\/v2\/users\/2"}],"replies":[{"embeddable":true,"href":"https:\/\/mtn.bj\/fournisseurs\/wp-json\/wp\/v2\/comments?post=520"}],"version-history":[{"count":8,"href":"https:\/\/mtn.bj\/fournisseurs\/wp-json\/wp\/v2\/pages\/520\/revisions"}],"predecessor-version":[{"id":2096,"href":"https:\/\/mtn.bj\/fournisseurs\/wp-json\/wp\/v2\/pages\/520\/revisions\/2096"}],"wp:featuredmedia":[{"embeddable":true,"href":"https:\/\/mtn.bj\/fournisseurs\/wp-json\/wp\/v2\/media\/2095"}],"wp:attachment":[{"href":"https:\/\/mtn.bj\/fournisseurs\/wp-json\/wp\/v2\/media?parent=520"}],"curies":[{"name":"wp","href":"https:\/\/api.w.org\/{rel}","templated":true}]}}