{"id":579,"date":"2022-12-16T09:19:03","date_gmt":"2022-12-16T08:19:03","guid":{"rendered":"https:\/\/mtn.bj\/fournisseurs\/?page_id=579"},"modified":"2025-10-30T11:21:17","modified_gmt":"2025-10-30T11:21:17","slug":"politique-de-cookies","status":"publish","type":"page","link":"https:\/\/mtn.bj\/fournisseurs\/politique-de-cookies\/","title":{"rendered":"Politique de cookies"},"content":{"rendered":"<div class=\"single-banner-section\">\n    \n            <div id=\"banner-block_db2653735ab3d3d12edad758cb1f05e8\" class=\"banner\">\n                <div class=\"banner-section alignedBottom textLight dark-overlay\" style=\"background:url(https:\/\/mtn.bj\/fournisseurs\/wp-content\/uploads\/2025\/10\/de\u0301sac-forf-int-2.jpeg);background-size: cover;background-position:center center;\">\n                    <div class =\"banner-heading-section\">    \n                        <div class=\"banner-section-container\">\n                        <p class=\"mtn-page-title yello-title\"><\/p>\n                        <h1 class=\"mtn-heading yello-heading\">Politique de cookies<\/h1>\n                        <p class=\"mtn-subheading yello-subheading\"><\/p>\n                        <\/div>\n                      \n                    <\/div>\n                <\/div>\n            <\/div>\n    \n            <\/div>\n\n\n\n<div style=\"height:100px\" aria-hidden=\"true\" class=\"wp-block-spacer\"><\/div>\n\n\n\n<div id=\"section-paragraph-block_2067332f31bdb2dcbbda7c226a2535fe\" class=\"section-paragraph has-text-align-left\">\n<div class=\"mtn-body-text mtn-section paragraph\"><p><!-- wp:paragraph --><\/p>\n<p><strong>INTRODUCTION<\/strong><\/p>\n<p><!-- \/wp:paragraph --> <!-- wp:paragraph --><\/p>\n<p>Par la pr\u00e9sente politique, SPACETEL BENIN SA (MTN) informe les visiteurs de cette plateforme www.mtn.bj, qu\u2019elle utilise sous sa responsabilit\u00e9, des cookies qui collecte certaines donn\u00e9es des visiteurs.<\/p>\n<p><!-- \/wp:paragraph --> <!-- wp:paragraph --><\/p>\n<p>Pour savoir ce qu\u2019est un cookie, les types de cookies que nous collectons, les fins pour lesquelles ils sont collect\u00e9s et vos droits vis-\u00e0-vis desdits cookies, veuillez lire les informations ci-dessous. Pour toutes informations, veuillez nous \u00e9crire par courrier contre d\u00e9charge \u00e0 l\u2019adresse 360 Boulevard de la Marina, Zone a\u00e9roportuaire, 01 BP\u00a0 5293 Cotonou B\u00e9nin ou par <a>courriel aux adresses <\/a>\u00a0serviceclient@mtn.bj.<\/p>\n<p><!-- \/wp:paragraph --> <!-- wp:paragraph --><\/p>\n<p><strong>QU&rsquo;EST-CE QU&rsquo;UN COOKIE ?<\/strong><\/p>\n<p><!-- \/wp:paragraph --> <!-- wp:paragraph --><\/p>\n<p>Un cookie est un petit fichier texte stock\u00e9 par un serveur dans le terminal (ordinateur, t\u00e9l\u00e9phone, etc) de l\u2019utilisateur et associ\u00e9 \u00e0 un domaine web (en majorit\u00e9 des cas \u00e0 l\u2019ensemble des pages d\u2019un m\u00eame site web) lorsqu\u2019il visite notre plateforme. Les cookies ont de multiples usages : ils peuvent servir \u00e0 m\u00e9moriser votre identifiant client aupr\u00e8s d&rsquo;un site marchand, le contenu courant de votre panier d&rsquo;achat, la langue d\u2019affichage de la page web, servir \u00e0 tracer votre navigation \u00e0 des fins statistiques ou publicitaires, etc.<\/p>\n<p><!-- \/wp:paragraph --> <!-- wp:paragraph --><\/p>\n<p>Certains de ces usages sont strictement n\u00e9cessaires aux fonctionnalit\u00e9s express\u00e9ment demand\u00e9es par l\u2019utilisateur ou bien \u00e0 l\u2019\u00e9tablissement de la communication et donc exempt\u00e9s de votre consentement. Ils ne peuvent donc pas \u00eatre d\u00e9s\u00e9lectionn\u00e9s. Ceux, qui ne correspondent pas \u00e0 ces crit\u00e8res, notamment de marketing ou de publicit\u00e9 n\u00e9cessitent votre consentement avant lecture ou \u00e9criture.<\/p>\n<p><!-- \/wp:paragraph --> <!-- wp:paragraph --><\/p>\n<p><strong>QU\u2019ELLE EST LA FINALITE DES COOKIES DE NOTRE PLATEFORME ?<\/strong><\/p>\n<p><!-- \/wp:paragraph --> <!-- wp:paragraph --><\/p>\n<p>Les cookies de notre plateforme permettent d\u2019une part, de vous identifier et nous permet d&rsquo;am\u00e9liorer votre exp\u00e9rience de navigation \u00e0 travers des statistiques de performance, d\u2019analyse et de marketing des donn\u00e9es collect\u00e9es.<\/p>\n<p><!-- \/wp:paragraph --> <!-- wp:paragraph --><\/p>\n<p><strong>QUELS TYPES DE COOKIES UTILISONS-NOUS ?<\/strong><\/p>\n<p><!-- \/wp:paragraph --> <!-- wp:paragraph --><\/p>\n<p>Le d\u00e9tail des diff\u00e9rentes cat\u00e9gories de cookies collect\u00e9s, est indiqu\u00e9 ci-dessous et peut \u00e9galement \u00eatre consult\u00e9 sur notre plateforme dans la rubrique \u00ab\u00a0<strong><em>cookies sous la cat\u00e9gorie respective<\/em><\/strong>) en cliquant sur le lien suivant\u00a0: <a>(<\/a><a href=\"https:\/\/shop.mtn.bj\/\">https:\/\/mtn.bj\/<\/a>).<\/p>\n<p><!-- \/wp:paragraph --> <!-- wp:list --><\/p>\n<ul><!-- wp:list-item --><\/p>\n<li><strong>Cookies de performance et d&rsquo;analyse<\/strong><\/li>\n<p><!-- \/wp:list-item --><\/ul>\n<p><!-- \/wp:list --> <!-- wp:paragraph --><\/p>\n<p>Ces cookies permettent d\u2019avoir les statistiques de visites et les sources de trafic dans le but de mesurer et d\u2019am\u00e9liorer les performances de nos services en ligne. Ils renseignent sur les pr\u00e9f\u00e9rences des pages sont les plus populaires ainsi que le comportement des visiteurs sur le site\/l&rsquo;application. Les informations collect\u00e9es par ces cookies sont agr\u00e9g\u00e9es et donc anonymes. Pour ces cookies, votre consentement est indispensable pour nous permettre de vous identifier et de mieux combler vos attentes.<\/p>\n<p><!-- \/wp:paragraph --> <!-- wp:list --><\/p>\n<ul><!-- wp:list-item --><\/p>\n<li><strong>Cookies fonctionnels<\/strong><\/li>\n<p><!-- \/wp:list-item --><\/ul>\n<p><!-- \/wp:list --> <!-- wp:paragraph --><\/p>\n<p>Ces cookies permettent au site\/\u00e0 l&rsquo;application de fournir des fonctionnalit\u00e9s et une personnalisation am\u00e9lior\u00e9e. Ils peuvent \u00eatre d\u00e9finis par nous ou par des fournisseurs tiers dont nous avons ajout\u00e9 les services \u00e0 notre site\/application. Votre consentement est n\u00e9cessaire pour que tous ou certains services li\u00e9s \u00e0 ces cookies puissent fonctionner correctement.<\/p>\n<p><!-- \/wp:paragraph --> <!-- wp:list --><\/p>\n<ul><!-- wp:list-item --><\/p>\n<li><strong>Cookies strictement n\u00e9cessaires<\/strong><\/li>\n<p><!-- \/wp:list-item --><\/ul>\n<p><!-- \/wp:list --> <!-- wp:paragraph --><\/p>\n<p>Ces cookies sont n\u00e9cessaires au fonctionnement du site Web et ne peuvent pas \u00eatre d\u00e9sactiv\u00e9s dans nos syst\u00e8mes. Ils sont g\u00e9n\u00e9ralement d\u00e9finis en r\u00e9ponse \u00e0 des actions que vous effectuez et qui constituent une demande de services, telles que la d\u00e9finition de vos pr\u00e9f\u00e9rences de confidentialit\u00e9, la connexion ou le remplissage de formulaires. Vous pouvez configurer votre navigateur pour qu&rsquo;il bloque ou vous avertisse de ces cookies, mais certaines parties du site\/de l&rsquo;application ne fonctionneront pas dans ce cas.<\/p>\n<p><!-- \/wp:paragraph --> <!-- wp:list --><\/p>\n<ul><!-- wp:list-item --><\/p>\n<li><strong>Cookies marketing<\/strong><\/li>\n<p><!-- \/wp:list-item --><\/ul>\n<p><!-- \/wp:list --> <!-- wp:paragraph --><\/p>\n<p>Ces cookies peuvent \u00eatre install\u00e9s via notre site\/application par nos partenaires publicitaires. Ils peuvent \u00eatre utilis\u00e9s par ces soci\u00e9t\u00e9s pour \u00e9tablir un profil de vos int\u00e9r\u00eats et vous montrer des publicit\u00e9s pertinentes sur d&rsquo;autres sites. Ils ne stockent pas directement d&rsquo;informations personnelles mais sont bas\u00e9s sur l&rsquo;identification unique de votre navigateur et de votre appareil Internet. Sans votre consentement, ces informations ne peuvent \u00eatre collect\u00e9es et vous ne seriez non plus inform\u00e9 de publicit\u00e9 sp\u00e9cifique \u00e0 vos besoins.<\/p>\n<p><!-- \/wp:paragraph --> <!-- wp:paragraph --><\/p>\n<p><strong>TRAITEMENT ET COMMUNICATION<\/strong><\/p>\n<p><!-- \/wp:paragraph --> <!-- wp:paragraph --><\/p>\n<p>Vos donn\u00e9es personnelles contenues dans les cookies exemptent de votre consentement et de ceux pour lesquels vous donnez votre accord sont trait\u00e9es sur notre r\u00e9seau aux fins d\u2019am\u00e9liorer votre exp\u00e9rience client telle qu\u2019indiqu\u00e9e dans la rubrique finalit\u00e9 ci-dessus. Dans des cas sp\u00e9cifiques de traitement pour les m\u00eames fins que dessus, nous partageons avec nos partenaires, les donn\u00e9es collect\u00e9es. Pour plus d\u2019informations, veuillez consulter notre politique de confidentialit\u00e9<\/p>\n<p><!-- \/wp:paragraph --> <!-- wp:paragraph --><\/p>\n<p><strong>DELAI DE CONSERVATION DES DONNEES COLLECTEES ET DUREE D\u2019ACTIVITES DES COOKIES<\/strong><\/p>\n<p><!-- \/wp:paragraph --> <!-- wp:paragraph --><\/p>\n<p><strong>RETRAIT DE VOTRE CONSENTEMENT<\/strong><\/p>\n<p><!-- \/wp:paragraph --> <!-- wp:paragraph --><\/p>\n<p>Vous pouvez \u00e0 tout moment, r\u00e9tracter ou modifier votre consentement \u00e0 l\u2019exploitation des cookies en cliquant sur le lien ci-dessous, <a>(Lien \u00e0 d\u00e9finir). <\/a>\u00a0Vous pouvez aussi, s\u00e9lectionner ou d\u00e9s\u00e9lectionner les cookies. Comme indiqu\u00e9 plus haut, la r\u00e9tractation ou la modification du consentement peut impacter votre exp\u00e9rience utilisateur de la plateforme.<\/p>\n<p><!-- \/wp:paragraph --> <!-- wp:paragraph --><\/p>\n<p>Aussi, nous vous informons que la r\u00e9tractation ou la modification n\u2019a aucun effet sur les cookies techniquement indispensables au fonctionnement de la plateforme ou qui permettent d\u2019\u00e9tablir la communication avec vous et qui sont exemptent de votre consentement.<\/p>\n<p><!-- \/wp:paragraph --> <!-- wp:paragraph --><\/p>\n<p><strong>Dur\u00e9e de conservation des cookies<\/strong><\/p>\n<p><!-- \/wp:paragraph --> <!-- wp:paragraph --><\/p>\n<p><a>La dur\u00e9e maximale de conservation des cookies est de 13 mois au maximum apr\u00e8s leur premier d\u00e9p\u00f4t dans le terminal de l\u2019utilisateur, tout comme la dur\u00e9e de la validit\u00e9 du consentement de l\u2019utilisateur \u00e0 l\u2019utilisation de ces cookies. La dur\u00e9e de vie des cookies n\u2019est pas prolong\u00e9e \u00e0 chaque visite. Le consentement de l\u2019utilisateur devra donc \u00eatre renouvel\u00e9 \u00e0 l&rsquo;issue de ce d\u00e9lai.<\/a><\/p>\n<p><!-- \/wp:paragraph --> <!-- wp:paragraph --><\/p>\n<p><strong>MODIFICATIONS<\/strong><\/p>\n<p><!-- \/wp:paragraph --> <!-- wp:paragraph --><\/p>\n<p>Cette politique peut \u00eatre modifi\u00e9e \u00e0 tout moment. La version mise \u00e0 jour sera toujours disponible sur la plateforme \u00e0 votre libre et gratuite consultation.<\/p>\n<p><!-- \/wp:paragraph --><\/p>\n<\/div>\n<\/div>","protected":false},"excerpt":{"rendered":"","protected":false},"author":2,"featured_media":0,"parent":0,"menu_order":0,"comment_status":"closed","ping_status":"closed","template":"","meta":{"_acf_changed":false,"footnotes":""},"class_list":["post-579","page","type-page","status-publish","hentry"],"acf":[],"yoast_head":"<!-- This site is optimized with the Yoast SEO plugin v27.5 - https:\/\/yoast.com\/product\/yoast-seo-wordpress\/ -->\n<title>Politique de cookies - Portail des fournisseurs de MTN B\u00e9nin<\/title>\n<meta name=\"robots\" content=\"index, follow, max-snippet:-1, max-image-preview:large, max-video-preview:-1\" \/>\n<link rel=\"canonical\" href=\"https:\/\/mtn.bj\/fournisseurs\/politique-de-cookies\/\" \/>\n<meta property=\"og:locale\" content=\"fr_FR\" \/>\n<meta property=\"og:type\" content=\"article\" \/>\n<meta property=\"og:title\" content=\"Politique de cookies - Portail des fournisseurs de MTN B\u00e9nin\" \/>\n<meta property=\"og:url\" content=\"https:\/\/mtn.bj\/fournisseurs\/politique-de-cookies\/\" \/>\n<meta property=\"og:site_name\" content=\"Portail des fournisseurs de MTN B\u00e9nin\" \/>\n<meta property=\"article:modified_time\" content=\"2025-10-30T11:21:17+00:00\" \/>\n<meta name=\"twitter:card\" content=\"summary_large_image\" \/>\n<script type=\"application\/ld+json\" class=\"yoast-schema-graph\">{\"@context\":\"https:\\\/\\\/schema.org\",\"@graph\":[{\"@type\":\"WebPage\",\"@id\":\"https:\\\/\\\/mtn.bj\\\/fournisseurs\\\/politique-de-cookies\\\/\",\"url\":\"https:\\\/\\\/mtn.bj\\\/fournisseurs\\\/politique-de-cookies\\\/\",\"name\":\"Politique de cookies - Portail des fournisseurs de MTN B\u00e9nin\",\"isPartOf\":{\"@id\":\"https:\\\/\\\/mtn.bj\\\/fournisseurs\\\/#website\"},\"datePublished\":\"2022-12-16T08:19:03+00:00\",\"dateModified\":\"2025-10-30T11:21:17+00:00\",\"breadcrumb\":{\"@id\":\"https:\\\/\\\/mtn.bj\\\/fournisseurs\\\/politique-de-cookies\\\/#breadcrumb\"},\"inLanguage\":\"fr-FR\",\"potentialAction\":[{\"@type\":\"ReadAction\",\"target\":[\"https:\\\/\\\/mtn.bj\\\/fournisseurs\\\/politique-de-cookies\\\/\"]}]},{\"@type\":\"BreadcrumbList\",\"@id\":\"https:\\\/\\\/mtn.bj\\\/fournisseurs\\\/politique-de-cookies\\\/#breadcrumb\",\"itemListElement\":[{\"@type\":\"ListItem\",\"position\":1,\"name\":\"1\",\"item\":\"https:\\\/\\\/mtn.bj\\\/fournisseurs\\\/\"},{\"@type\":\"ListItem\",\"position\":2,\"name\":\"Politique de cookies\"}]},{\"@type\":\"WebSite\",\"@id\":\"https:\\\/\\\/mtn.bj\\\/fournisseurs\\\/#website\",\"url\":\"https:\\\/\\\/mtn.bj\\\/fournisseurs\\\/\",\"name\":\"Portail des fournisseurs de MTN B\u00e9nin\",\"description\":\"Le lien entre MTN et les fournisseurs\",\"potentialAction\":[{\"@type\":\"SearchAction\",\"target\":{\"@type\":\"EntryPoint\",\"urlTemplate\":\"https:\\\/\\\/mtn.bj\\\/fournisseurs\\\/?s={search_term_string}\"},\"query-input\":{\"@type\":\"PropertyValueSpecification\",\"valueRequired\":true,\"valueName\":\"search_term_string\"}}],\"inLanguage\":\"fr-FR\"}]}<\/script>\n<!-- \/ Yoast SEO plugin. -->","yoast_head_json":{"title":"Politique de cookies - Portail des fournisseurs de MTN B\u00e9nin","robots":{"index":"index","follow":"follow","max-snippet":"max-snippet:-1","max-image-preview":"max-image-preview:large","max-video-preview":"max-video-preview:-1"},"canonical":"https:\/\/mtn.bj\/fournisseurs\/politique-de-cookies\/","og_locale":"fr_FR","og_type":"article","og_title":"Politique de cookies - Portail des fournisseurs de MTN B\u00e9nin","og_url":"https:\/\/mtn.bj\/fournisseurs\/politique-de-cookies\/","og_site_name":"Portail des fournisseurs de MTN B\u00e9nin","article_modified_time":"2025-10-30T11:21:17+00:00","twitter_card":"summary_large_image","schema":{"@context":"https:\/\/schema.org","@graph":[{"@type":"WebPage","@id":"https:\/\/mtn.bj\/fournisseurs\/politique-de-cookies\/","url":"https:\/\/mtn.bj\/fournisseurs\/politique-de-cookies\/","name":"Politique de cookies - Portail des fournisseurs de MTN B\u00e9nin","isPartOf":{"@id":"https:\/\/mtn.bj\/fournisseurs\/#website"},"datePublished":"2022-12-16T08:19:03+00:00","dateModified":"2025-10-30T11:21:17+00:00","breadcrumb":{"@id":"https:\/\/mtn.bj\/fournisseurs\/politique-de-cookies\/#breadcrumb"},"inLanguage":"fr-FR","potentialAction":[{"@type":"ReadAction","target":["https:\/\/mtn.bj\/fournisseurs\/politique-de-cookies\/"]}]},{"@type":"BreadcrumbList","@id":"https:\/\/mtn.bj\/fournisseurs\/politique-de-cookies\/#breadcrumb","itemListElement":[{"@type":"ListItem","position":1,"name":"1","item":"https:\/\/mtn.bj\/fournisseurs\/"},{"@type":"ListItem","position":2,"name":"Politique de cookies"}]},{"@type":"WebSite","@id":"https:\/\/mtn.bj\/fournisseurs\/#website","url":"https:\/\/mtn.bj\/fournisseurs\/","name":"Portail des fournisseurs de MTN B\u00e9nin","description":"Le lien entre MTN et les fournisseurs","potentialAction":[{"@type":"SearchAction","target":{"@type":"EntryPoint","urlTemplate":"https:\/\/mtn.bj\/fournisseurs\/?s={search_term_string}"},"query-input":{"@type":"PropertyValueSpecification","valueRequired":true,"valueName":"search_term_string"}}],"inLanguage":"fr-FR"}]}},"_links":{"self":[{"href":"https:\/\/mtn.bj\/fournisseurs\/wp-json\/wp\/v2\/pages\/579","targetHints":{"allow":["GET"]}}],"collection":[{"href":"https:\/\/mtn.bj\/fournisseurs\/wp-json\/wp\/v2\/pages"}],"about":[{"href":"https:\/\/mtn.bj\/fournisseurs\/wp-json\/wp\/v2\/types\/page"}],"author":[{"embeddable":true,"href":"https:\/\/mtn.bj\/fournisseurs\/wp-json\/wp\/v2\/users\/2"}],"replies":[{"embeddable":true,"href":"https:\/\/mtn.bj\/fournisseurs\/wp-json\/wp\/v2\/comments?post=579"}],"version-history":[{"count":6,"href":"https:\/\/mtn.bj\/fournisseurs\/wp-json\/wp\/v2\/pages\/579\/revisions"}],"predecessor-version":[{"id":2102,"href":"https:\/\/mtn.bj\/fournisseurs\/wp-json\/wp\/v2\/pages\/579\/revisions\/2102"}],"wp:attachment":[{"href":"https:\/\/mtn.bj\/fournisseurs\/wp-json\/wp\/v2\/media?parent=579"}],"curies":[{"name":"wp","href":"https:\/\/api.w.org\/{rel}","templated":true}]}}